{"id":4396034,"date":"2025-09-11T11:38:56","date_gmt":"2025-09-11T09:38:56","guid":{"rendered":"https:\/\/hyprostatik2025.werbeagentur-beck.de\/spindles\/"},"modified":"2026-03-31T11:05:35","modified_gmt":"2026-03-31T09:05:35","slug":"spindles","status":"publish","type":"page","link":"https:\/\/hyprostatik.de\/en\/products-service\/spindles\/","title":{"rendered":"Spindles"},"content":{"rendered":"<p>[et_pb_section fb_built=&#8221;1&#8243; _builder_version=&#8221;4.27.6&#8243; _module_preset=&#8221;default&#8221; background_enable_image=&#8221;off&#8221; custom_padding=&#8221;25px||0px||false|false&#8221; global_module=&#8221;4388482&#8243; saved_tabs=&#8221;all&#8221; locked=&#8221;off&#8221; global_colors_info=&#8221;{}&#8221;][et_pb_row _builder_version=&#8221;4.27.6&#8243; _module_preset=&#8221;default&#8221; custom_padding=&#8221;0px||||false|false&#8221; global_colors_info=&#8221;{}&#8221;][et_pb_column type=&#8221;4_4&#8243; _builder_version=&#8221;4.27.4&#8243; _module_preset=&#8221;default&#8221; global_colors_info=&#8221;{}&#8221;][lwp_divi_breadcrumbs _builder_version=&#8221;4.27.4&#8243; _module_preset=&#8221;default&#8221; global_colors_info=&#8221;{}&#8221;][\/lwp_divi_breadcrumbs][\/et_pb_column][\/et_pb_row][\/et_pb_section][et_pb_section fb_built=&#8221;1&#8243; _builder_version=&#8221;4.27.4&#8243; _module_preset=&#8221;default&#8221; locked=&#8221;off&#8221; global_colors_info=&#8221;{}&#8221;][et_pb_row column_structure=&#8221;1_2,1_2&#8243; _builder_version=&#8221;4.27.4&#8243; _module_preset=&#8221;default&#8221; locked=&#8221;off&#8221; global_colors_info=&#8221;{}&#8221;][et_pb_column type=&#8221;1_2&#8243; _builder_version=&#8221;4.27.4&#8243; _module_preset=&#8221;default&#8221; global_colors_info=&#8221;{}&#8221;][et_pb_text _builder_version=&#8221;4.27.6&#8243; _module_preset=&#8221;default&#8221; header_font=&#8221;|600|||||||&#8221; header_text_color=&#8221;#4682B4&#8243; header_font_size=&#8221;25px&#8221; header_2_text_color=&#8221;RGBA(255,255,255,0)&#8221; background_color=&#8221;#f2f2f2&#8243; width=&#8221;70%&#8221; module_alignment=&#8221;right&#8221; height=&#8221;180px&#8221; link_option_url=&#8221;https:\/\/hyprostatik.de\/en\/products-service\/grinding-spindles\/&#8221; hover_enabled=&#8221;0&#8243; module_alignment_tablet=&#8221;right&#8221; module_alignment_phone=&#8221;center&#8221; module_alignment_last_edited=&#8221;on|phone&#8221; border_radii=&#8221;on|7px|7px|7px|7px&#8221; border_width_all=&#8221;2px&#8221; border_color_all=&#8221;#4682B4&#8243; global_colors_info=&#8221;{}&#8221; content__hover_enabled=&#8221;on|desktop&#8221; content__hover=&#8221;&#8221; background_color__hover=&#8221;#f2f2f2&#8243; background_enable_color__hover=&#8221;on&#8221; background_image__hover=&#8221;https:\/\/hyprostatik.de\/wp-content\/uploads\/2026\/03\/Aussenschleifen_01.webp&#8221; background_enable_image__hover=&#8221;on&#8221; parallax__hover=&#8221;off&#8221; background_size__hover=&#8221;contain&#8221; border_width_all__hover_enabled=&#8221;on|hover&#8221; border_width_all__hover=&#8221;2px&#8221; header_text_color__hover_enabled=&#8221;on|desktop&#8221; border_color_all__hover_enabled=&#8221;on|desktop&#8221; border_color_all__hover=&#8221;#F89C1B&#8221; header_text_color__hover=&#8221;#FFFFFF&#8221; transform_styles__hover_enabled=&#8221;on|hover&#8221; background__hover_enabled=&#8221;on|hover&#8221; transform_scale__hover=&#8221;109%|109%&#8221; transform_scale__hover_enabled=&#8221;on|hover&#8221; transform_translate__hover_enabled=&#8221;on|desktop&#8221; transform_rotate__hover_enabled=&#8221;on|desktop&#8221; transform_skew__hover_enabled=&#8221;on|desktop&#8221; transform_origin__hover_enabled=&#8221;on|desktop&#8221; sticky_enabled=&#8221;0&#8243; alt=&#8221;Hydrostatische Au\u00dfenschleifspindel mit beidseitiger Aufnahme, schwarzem Geh\u00e4use und gelben Dichtkappen f\u00fcr pr\u00e4zise Schleifprozesse.&#8221; title_text=&#8221;Aussenschleifen_01&#8243;]<\/p>\n<h1 style=\"text-align: center;\"><\/h1>\n<p>&nbsp;<\/p>\n<h1 style=\"text-align: center;\"><\/h1>\n<h1 style=\"text-align: center;\"><\/h1>\n<h1 style=\"text-align: center;\">Grinding spindles<\/h1>\n<p>&nbsp;<\/p>\n<p>&nbsp;<\/p>\n<p>[\/et_pb_text][\/et_pb_column][et_pb_column type=&#8221;1_2&#8243; _builder_version=&#8221;4.27.4&#8243; _module_preset=&#8221;default&#8221; global_colors_info=&#8221;{}&#8221;][et_pb_text _builder_version=&#8221;4.27.6&#8243; _module_preset=&#8221;default&#8221; header_font=&#8221;|600|||||||&#8221; header_text_color=&#8221;#4682B4&#8243; header_font_size=&#8221;25px&#8221; header_2_text_color=&#8221;RGBA(255,255,255,0)&#8221; background_color=&#8221;#f2f2f2&#8243; width=&#8221;70%&#8221; module_alignment=&#8221;left&#8221; height=&#8221;180px&#8221; link_option_url=&#8221;https:\/\/hyprostatik.de\/en\/products-service\/spindles\/workpiece-spindles\/workpiece-spindle\/&#8221; hover_enabled=&#8221;0&#8243; module_alignment_tablet=&#8221;left&#8221; module_alignment_phone=&#8221;center&#8221; module_alignment_last_edited=&#8221;on|phone&#8221; border_radii=&#8221;on|7px|7px|7px|7px&#8221; border_width_all=&#8221;2px&#8221; border_color_all=&#8221;#4682B4&#8243; locked=&#8221;off&#8221; global_colors_info=&#8221;{}&#8221; content__hover_enabled=&#8221;on|hover&#8221; content__hover=&#8221;&#8221; background_color__hover=&#8221;#f2f2f2&#8243; background_enable_color__hover=&#8221;on&#8221; background_image__hover=&#8221;https:\/\/hyprostatik.de\/wp-content\/uploads\/2026\/03\/Schleifspindel_bearbeitet.webp&#8221; background_enable_image__hover=&#8221;on&#8221; parallax__hover=&#8221;off&#8221; background_size__hover=&#8221;contain&#8221; border_width_all__hover_enabled=&#8221;on|hover&#8221; border_width_all__hover=&#8221;2px&#8221; header_text_color__hover_enabled=&#8221;on|desktop&#8221; border_color_all__hover_enabled=&#8221;on|desktop&#8221; border_color_all__hover=&#8221;#F89C1B&#8221; header_text_color__hover=&#8221;#FFFFFF&#8221; transform_styles__hover_enabled=&#8221;on|hover&#8221; background__hover_enabled=&#8221;on|hover&#8221; transform_scale__hover=&#8221;109%|109%&#8221; transform_scale__hover_enabled=&#8221;on|hover&#8221; transform_translate__hover_enabled=&#8221;on|desktop&#8221; transform_rotate__hover_enabled=&#8221;on|desktop&#8221; transform_skew__hover_enabled=&#8221;on|desktop&#8221; transform_origin__hover_enabled=&#8221;on|desktop&#8221; sticky_enabled=&#8221;0&#8243; alt=&#8221;Hydrostatische Werkst\u00fcckspindel in Nahaufnahme mit integriertem Antrieb, Sensorabdeckungen und pr\u00e4zisionsgefertigter Lageraufnahme.&#8221; title_text=&#8221;Schleifspindel_Startseite&#8221;]<\/p>\n<h1 style=\"text-align: center;\"><\/h1>\n<p>&nbsp;<\/p>\n<h1 style=\"text-align: center;\"><\/h1>\n<h1 style=\"text-align: center;\"><\/h1>\n<h1 style=\"text-align: center;\">Workpiece spindles<\/h1>\n<p>&nbsp;<\/p>\n<p>&nbsp;<\/p>\n<p>[\/et_pb_text][\/et_pb_column][\/et_pb_row][\/et_pb_section][et_pb_section fb_built=&#8221;1&#8243; disabled_on=&#8221;off|off|off&#8221; _builder_version=&#8221;4.27.6&#8243; _module_preset=&#8221;default&#8221; custom_padding=&#8221;0px||||false|false&#8221; locked=&#8221;off&#8221; global_colors_info=&#8221;{}&#8221;][et_pb_row _builder_version=&#8221;4.18.0&#8243; _module_preset=&#8221;default&#8221; custom_padding=&#8221;||0px|||&#8221; global_colors_info=&#8221;{}&#8221;][et_pb_column type=&#8221;4_4&#8243; _builder_version=&#8221;4.18.0&#8243; _module_preset=&#8221;default&#8221; global_colors_info=&#8221;{}&#8221;][et_pb_text _builder_version=&#8221;4.27.4&#8243; _module_preset=&#8221;default&#8221; header_text_color=&#8221;#F89C1B&#8221; header_font_size=&#8221;32px&#8221; header_line_height=&#8221;1.2em&#8221; global_colors_info=&#8221;{}&#8221;]<\/p>\n<h1><strong><span data-scheme-color=\"@F99D1C,,\" data-usefontface=\"true\" data-contrast=\"none\" class=\"TextRun BCX0 SCXP98498344\" lang=\"EN-US\"><span class=\"NormalTextRun BCX0 SCXP98498344\">Hydrostatic spindles<\/span><\/span><\/strong><span class=\"EOP BCX0 SCXP98498344\"><\/span><\/h1>\n<p>[\/et_pb_text][\/et_pb_column][\/et_pb_row][et_pb_row column_structure=&#8221;1_2,1_2&#8243; _builder_version=&#8221;4.27.4&#8243; _module_preset=&#8221;default&#8221; global_colors_info=&#8221;{}&#8221;][et_pb_column type=&#8221;1_2&#8243; _builder_version=&#8221;4.16&#8243; _module_preset=&#8221;default&#8221; global_colors_info=&#8221;{}&#8221;][et_pb_text _builder_version=&#8221;4.27.6&#8243; _module_preset=&#8221;default&#8221; ul_text_color=&#8221;#4682B4&#8243; ul_font_size=&#8221;18px&#8221; header_2_text_color=&#8221;#4682B4&#8243; custom_padding=&#8221;|0px||||&#8221; locked=&#8221;off&#8221; global_colors_info=&#8221;{}&#8221;]<\/p>\n<h2><strong>Advantages of hydrostatic spindles<\/strong><\/h2>\n<p>&nbsp;<\/p>\n<ul style=\"font-weight: 400;\">\n<li data-charcodes=\"172\" data-font=\"Calibri,Sans-Serif\" data-buautonum=\"8\" data-margin=\"450\" data-aria-posinset=\"1\" data-aria-level=\"1\"><span style=\"color: #000000;\">Hydrostatic spindles are wear-free, which means that the technical features remain unchanged over a long service life<\/span><span data-usefontface=\"true\" data-contrast=\"none\" style=\"color: #000000;\"><\/span><\/li>\n<li data-charcodes=\"172\" data-font=\"Calibri,Sans-Serif\" data-buautonum=\"8\" data-margin=\"450\" data-aria-posinset=\"1\" data-aria-level=\"1\"><span style=\"color: #000000;\">Concentric and axial run-out, 0.3 \u03bcm as standard &#8211; 5 to 10 times better than ball bearing spindles<\/span><\/li>\n<li data-charcodes=\"172\" data-font=\"Calibri,Sans-Serif\" data-buautonum=\"8\" data-margin=\"450\" data-aria-posinset=\"1\" data-aria-level=\"1\"><span style=\"color: #000000;\">Low heat transfer, as the frictional heat is transported away with the oil. The maximum oil temperature is 12\u00b0C, the oil leaves the spindle in 1 second. The 30 \u03bcm as with ball bearing spindles.   <\/span><\/li>\n<li data-charcodes=\"172\" data-font=\"Calibri,Sans-Serif\" data-buautonum=\"8\" data-margin=\"450\" data-aria-posinset=\"1\" data-aria-level=\"1\"><span style=\"color: #000000;\">Hydrostatic spindles have very good damping<\/span><\/li>\n<li data-charcodes=\"172\" data-font=\"Calibri,Sans-Serif\" data-buautonum=\"8\" data-margin=\"450\" data-aria-posinset=\"1\" data-aria-level=\"1\"><span style=\"color: #000000;\">Hydrostatic bearings do not generate vibrations like ball bearings<\/span><\/li>\n<li data-charcodes=\"172\" data-font=\"Calibri,Sans-Serif\" data-buautonum=\"8\" data-margin=\"450\" data-aria-posinset=\"1\" data-aria-level=\"1\"><span style=\"color: #000000;\">Hydrostatic spindles with PM controllers have increased rigidity  <\/span><\/li>\n<\/ul>\n<p>[\/et_pb_text][et_pb_button button_url=&#8221;https:\/\/hyprostatik.de\/en\/overview-about-us\/contact\/#angebotsanfrage&#8221; button_text=&#8221;Request for quotation&#8221; _builder_version=&#8221;4.27.4&#8243; _module_preset=&#8221;default&#8221; custom_button=&#8221;on&#8221; button_bg_color=&#8221;#4682b4&#8243; button_border_color=&#8221;#c6e2ff&#8221; locked=&#8221;off&#8221; global_colors_info=&#8221;{}&#8221; button_bg_color__hover_enabled=&#8221;on|hover&#8221; button_bg_color__hover=&#8221;#c6e2ff&#8221; button_text_color__hover_enabled=&#8221;on|desktop&#8221; button_text_color__hover=&#8221;#000000&#8243; button_border_color__hover_enabled=&#8221;on|desktop&#8221; button_border_color__hover=&#8221;#4682b4&#8243;][\/et_pb_button][\/et_pb_column][et_pb_column type=&#8221;1_2&#8243; _builder_version=&#8221;4.16&#8243; _module_preset=&#8221;default&#8221; global_colors_info=&#8221;{}&#8221;][et_pb_slider arrows_custom_color=&#8221;#4682B4&#8243; _builder_version=&#8221;4.27.6&#8243; _module_preset=&#8221;default&#8221; background_color=&#8221;RGBA(255,255,255,0)&#8221; height=&#8221;400px&#8221; global_colors_info=&#8221;{}&#8221;][et_pb_slide image=&#8221;https:\/\/hyprostatik.de\/wp-content\/uploads\/2026\/03\/Aussenschleifen_01.webp&#8221; arrows_custom_color=&#8221;#4682B4&#8243; dot_nav_custom_color=&#8221;#4682B4&#8243; _builder_version=&#8221;4.27.6&#8243; _module_preset=&#8221;default&#8221; global_colors_info=&#8221;{}&#8221; sticky_transition=&#8221;on&#8221;][\/et_pb_slide][et_pb_slide image=&#8221;https:\/\/hyprostatik.de\/wp-content\/uploads\/2026\/03\/Schleifspindel_bearbeitet.webp&#8221; arrows_custom_color=&#8221;#4682B4&#8243; dot_nav_custom_color=&#8221;#4682B4&#8243; _builder_version=&#8221;4.27.6&#8243; _module_preset=&#8221;default&#8221; global_colors_info=&#8221;{}&#8221; sticky_transition=&#8221;on&#8221;][\/et_pb_slide][et_pb_slide image=&#8221;https:\/\/hyprostatik.de\/wp-content\/uploads\/2026\/03\/Innenschleifspindel.webp&#8221; arrows_custom_color=&#8221;#4682B4&#8243; dot_nav_custom_color=&#8221;#4682B4&#8243; _builder_version=&#8221;4.27.6&#8243; _module_preset=&#8221;default&#8221; global_colors_info=&#8221;{}&#8221; sticky_transition=&#8221;on&#8221;][\/et_pb_slide][et_pb_slide image=&#8221;https:\/\/hyprostatik.de\/wp-content\/uploads\/2026\/03\/Aussenschleifen_03.webp&#8221; arrows_custom_color=&#8221;#4682B4&#8243; dot_nav_custom_color=&#8221;#4682B4&#8243; _builder_version=&#8221;4.27.6&#8243; _module_preset=&#8221;default&#8221; global_colors_info=&#8221;{}&#8221; sticky_transition=&#8221;on&#8221;][\/et_pb_slide][\/et_pb_slider][\/et_pb_column][\/et_pb_row][\/et_pb_section][et_pb_section fb_built=&#8221;1&#8243; disabled_on=&#8221;on|on|off&#8221; _builder_version=&#8221;4.27.4&#8243; _module_preset=&#8221;default&#8221; global_colors_info=&#8221;{}&#8221;][et_pb_row _builder_version=&#8221;4.27.4&#8243; _module_preset=&#8221;default&#8221; global_colors_info=&#8221;{}&#8221;][et_pb_column type=&#8221;4_4&#8243; _builder_version=&#8221;4.27.4&#8243; _module_preset=&#8221;default&#8221; global_colors_info=&#8221;{}&#8221;][\/et_pb_column][\/et_pb_row][\/et_pb_section]<\/p>\n","protected":false},"excerpt":{"rendered":"<p><div class=\"et_pb_module lwp_divi_breadcrumbs lwp_divi_breadcrumbs_0\">\n\t\t\t\t\n\t\t\t\t\n\t\t\t\t\n\t\t\t\t\n\t\t\t\t\n\t\t\t\t\n\t\t\t\t<div class=\"et_pb_module_inner\">\n\t\t\t\t\t<div class=\"lwp-breadcrumbs\"> <span class=\"before\"><\/span> <span vocab=\"https:\/\/schema.org\/\" typeof=\"BreadcrumbList\"><span property=\"itemListElement\" typeof=\"ListItem\"><a property=\"item\" typeof=\"WebPage\" href=\"https:\/\/hyprostatik.de\/en\/\" class=\"home\"><span property=\"name\">Home<\/span><\/a><meta property=\"position\" content=\"1\"><\/span> <span class=\"separator et-pb-icon\">&#x39;<\/span> <\/span><\/div>\n\t\t\t\t<\/div>\n\t\t\t<\/div> &nbsp; Grinding spindles &nbsp; &nbsp; &nbsp; Workpiece spindles &nbsp; &nbsp;Hydrostatic spindlesAdvantages of hydrostatic spindles &nbsp; Hydrostatic spindles are wear-free, which means that the technical features remain unchanged over a long service life Concentric and axial run-out, 0.3 \u03bcm as standard &#8211; 5 to 10 times better than ball bearing spindles Low [&hellip;]<\/p>\n","protected":false},"author":2,"featured_media":4396163,"parent":4396235,"menu_order":0,"comment_status":"closed","ping_status":"closed","template":"","meta":{"_et_pb_use_builder":"on","_et_pb_old_content":"","_et_gb_content_width":"","footnotes":""},"class_list":["post-4396034","page","type-page","status-publish","has-post-thumbnail","hentry"],"yoast_head":"<!-- This site is optimized with the Yoast SEO plugin v27.3 - https:\/\/yoast.com\/product\/yoast-seo-wordpress\/ -->\n<title>Spindles | Hyprostatik<\/title>\n<meta name=\"description\" content=\"Hydrostatic spindles impress with their low friction, smooth running and constant precision over their entire service life.\" \/>\n<meta name=\"robots\" content=\"index, follow, max-snippet:-1, max-image-preview:large, max-video-preview:-1\" \/>\n<link rel=\"canonical\" href=\"https:\/\/hyprostatik.de\/en\/products-service\/spindles\/\" \/>\n<meta property=\"og:locale\" content=\"en_US\" \/>\n<meta property=\"og:type\" content=\"article\" \/>\n<meta property=\"og:title\" content=\"Spindles | Hyprostatik\" \/>\n<meta property=\"og:description\" content=\"Hydrostatic spindles impress with their low friction, smooth running and constant precision over their entire service life.\" \/>\n<meta property=\"og:url\" content=\"https:\/\/hyprostatik.de\/en\/products-service\/spindles\/\" \/>\n<meta property=\"og:site_name\" content=\"Hyprostatik\" \/>\n<meta property=\"article:modified_time\" content=\"2026-03-31T09:05:35+00:00\" \/>\n<meta property=\"og:image\" content=\"https:\/\/hyprostatik.de\/wp-content\/uploads\/2021\/01\/Hydrostatische-Spindeln.jpg\" \/>\n\t<meta property=\"og:image:width\" content=\"210\" \/>\n\t<meta property=\"og:image:height\" content=\"160\" \/>\n\t<meta property=\"og:image:type\" content=\"image\/jpeg\" \/>\n<script type=\"application\/ld+json\" class=\"yoast-schema-graph\">{\"@context\":\"https:\\\/\\\/schema.org\",\"@graph\":[{\"@type\":\"WebPage\",\"@id\":\"https:\\\/\\\/hyprostatik.de\\\/en\\\/products-service\\\/spindles\\\/\",\"url\":\"https:\\\/\\\/hyprostatik.de\\\/en\\\/products-service\\\/spindles\\\/\",\"name\":\"Spindles | Hyprostatik\",\"isPartOf\":{\"@id\":\"https:\\\/\\\/hyprostatik.de\\\/en\\\/#website\"},\"primaryImageOfPage\":{\"@id\":\"https:\\\/\\\/hyprostatik.de\\\/en\\\/products-service\\\/spindles\\\/#primaryimage\"},\"image\":{\"@id\":\"https:\\\/\\\/hyprostatik.de\\\/en\\\/products-service\\\/spindles\\\/#primaryimage\"},\"thumbnailUrl\":\"https:\\\/\\\/hyprostatik.de\\\/wp-content\\\/uploads\\\/2021\\\/01\\\/Hydrostatische-Spindeln.jpg\",\"datePublished\":\"2025-09-11T09:38:56+00:00\",\"dateModified\":\"2026-03-31T09:05:35+00:00\",\"description\":\"Hydrostatic spindles impress with their low friction, smooth running and constant precision over their entire service life.\",\"breadcrumb\":{\"@id\":\"https:\\\/\\\/hyprostatik.de\\\/en\\\/products-service\\\/spindles\\\/#breadcrumb\"},\"inLanguage\":\"en-US\",\"potentialAction\":[{\"@type\":\"ReadAction\",\"target\":[\"https:\\\/\\\/hyprostatik.de\\\/en\\\/products-service\\\/spindles\\\/\"]}]},{\"@type\":\"ImageObject\",\"inLanguage\":\"en-US\",\"@id\":\"https:\\\/\\\/hyprostatik.de\\\/en\\\/products-service\\\/spindles\\\/#primaryimage\",\"url\":\"https:\\\/\\\/hyprostatik.de\\\/wp-content\\\/uploads\\\/2021\\\/01\\\/Hydrostatische-Spindeln.jpg\",\"contentUrl\":\"https:\\\/\\\/hyprostatik.de\\\/wp-content\\\/uploads\\\/2021\\\/01\\\/Hydrostatische-Spindeln.jpg\",\"width\":210,\"height\":160},{\"@type\":\"BreadcrumbList\",\"@id\":\"https:\\\/\\\/hyprostatik.de\\\/en\\\/products-service\\\/spindles\\\/#breadcrumb\",\"itemListElement\":[{\"@type\":\"ListItem\",\"position\":1,\"name\":\"Startseite\",\"item\":\"https:\\\/\\\/hyprostatik.de\\\/en\\\/\"},{\"@type\":\"ListItem\",\"position\":2,\"name\":\"PRODUCTS &amp; SERVICE\",\"item\":\"https:\\\/\\\/hyprostatik.de\\\/en\\\/products-service\\\/\"},{\"@type\":\"ListItem\",\"position\":3,\"name\":\"Spindles\"}]},{\"@type\":\"WebSite\",\"@id\":\"https:\\\/\\\/hyprostatik.de\\\/en\\\/#website\",\"url\":\"https:\\\/\\\/hyprostatik.de\\\/en\\\/\",\"name\":\"Hyprostatik\",\"description\":\"\",\"alternateName\":\"Hyprostatik Sch\u00f6nfeld GmbH\",\"potentialAction\":[{\"@type\":\"SearchAction\",\"target\":{\"@type\":\"EntryPoint\",\"urlTemplate\":\"https:\\\/\\\/hyprostatik.de\\\/en\\\/?s={search_term_string}\"},\"query-input\":{\"@type\":\"PropertyValueSpecification\",\"valueRequired\":true,\"valueName\":\"search_term_string\"}}],\"inLanguage\":\"en-US\"}]}<\/script>\n<!-- \/ Yoast SEO plugin. -->","yoast_head_json":{"title":"Spindles | Hyprostatik","description":"Hydrostatic spindles impress with their low friction, smooth running and constant precision over their entire service life.","robots":{"index":"index","follow":"follow","max-snippet":"max-snippet:-1","max-image-preview":"max-image-preview:large","max-video-preview":"max-video-preview:-1"},"canonical":"https:\/\/hyprostatik.de\/en\/products-service\/spindles\/","og_locale":"en_US","og_type":"article","og_title":"Spindles | Hyprostatik","og_description":"Hydrostatic spindles impress with their low friction, smooth running and constant precision over their entire service life.","og_url":"https:\/\/hyprostatik.de\/en\/products-service\/spindles\/","og_site_name":"Hyprostatik","article_modified_time":"2026-03-31T09:05:35+00:00","og_image":[{"width":210,"height":160,"url":"https:\/\/hyprostatik.de\/wp-content\/uploads\/2021\/01\/Hydrostatische-Spindeln.jpg","type":"image\/jpeg"}],"schema":{"@context":"https:\/\/schema.org","@graph":[{"@type":"WebPage","@id":"https:\/\/hyprostatik.de\/en\/products-service\/spindles\/","url":"https:\/\/hyprostatik.de\/en\/products-service\/spindles\/","name":"Spindles | Hyprostatik","isPartOf":{"@id":"https:\/\/hyprostatik.de\/en\/#website"},"primaryImageOfPage":{"@id":"https:\/\/hyprostatik.de\/en\/products-service\/spindles\/#primaryimage"},"image":{"@id":"https:\/\/hyprostatik.de\/en\/products-service\/spindles\/#primaryimage"},"thumbnailUrl":"https:\/\/hyprostatik.de\/wp-content\/uploads\/2021\/01\/Hydrostatische-Spindeln.jpg","datePublished":"2025-09-11T09:38:56+00:00","dateModified":"2026-03-31T09:05:35+00:00","description":"Hydrostatic spindles impress with their low friction, smooth running and constant precision over their entire service life.","breadcrumb":{"@id":"https:\/\/hyprostatik.de\/en\/products-service\/spindles\/#breadcrumb"},"inLanguage":"en-US","potentialAction":[{"@type":"ReadAction","target":["https:\/\/hyprostatik.de\/en\/products-service\/spindles\/"]}]},{"@type":"ImageObject","inLanguage":"en-US","@id":"https:\/\/hyprostatik.de\/en\/products-service\/spindles\/#primaryimage","url":"https:\/\/hyprostatik.de\/wp-content\/uploads\/2021\/01\/Hydrostatische-Spindeln.jpg","contentUrl":"https:\/\/hyprostatik.de\/wp-content\/uploads\/2021\/01\/Hydrostatische-Spindeln.jpg","width":210,"height":160},{"@type":"BreadcrumbList","@id":"https:\/\/hyprostatik.de\/en\/products-service\/spindles\/#breadcrumb","itemListElement":[{"@type":"ListItem","position":1,"name":"Startseite","item":"https:\/\/hyprostatik.de\/en\/"},{"@type":"ListItem","position":2,"name":"PRODUCTS &amp; SERVICE","item":"https:\/\/hyprostatik.de\/en\/products-service\/"},{"@type":"ListItem","position":3,"name":"Spindles"}]},{"@type":"WebSite","@id":"https:\/\/hyprostatik.de\/en\/#website","url":"https:\/\/hyprostatik.de\/en\/","name":"Hyprostatik","description":"","alternateName":"Hyprostatik Sch\u00f6nfeld GmbH","potentialAction":[{"@type":"SearchAction","target":{"@type":"EntryPoint","urlTemplate":"https:\/\/hyprostatik.de\/en\/?s={search_term_string}"},"query-input":{"@type":"PropertyValueSpecification","valueRequired":true,"valueName":"search_term_string"}}],"inLanguage":"en-US"}]}},"_links":{"self":[{"href":"https:\/\/hyprostatik.de\/en\/wp-json\/wp\/v2\/pages\/4396034","targetHints":{"allow":["GET"]}}],"collection":[{"href":"https:\/\/hyprostatik.de\/en\/wp-json\/wp\/v2\/pages"}],"about":[{"href":"https:\/\/hyprostatik.de\/en\/wp-json\/wp\/v2\/types\/page"}],"author":[{"embeddable":true,"href":"https:\/\/hyprostatik.de\/en\/wp-json\/wp\/v2\/users\/2"}],"replies":[{"embeddable":true,"href":"https:\/\/hyprostatik.de\/en\/wp-json\/wp\/v2\/comments?post=4396034"}],"version-history":[{"count":22,"href":"https:\/\/hyprostatik.de\/en\/wp-json\/wp\/v2\/pages\/4396034\/revisions"}],"predecessor-version":[{"id":4398895,"href":"https:\/\/hyprostatik.de\/en\/wp-json\/wp\/v2\/pages\/4396034\/revisions\/4398895"}],"up":[{"embeddable":true,"href":"https:\/\/hyprostatik.de\/en\/wp-json\/wp\/v2\/pages\/4396235"}],"wp:featuredmedia":[{"embeddable":true,"href":"https:\/\/hyprostatik.de\/en\/wp-json\/wp\/v2\/media\/4396163"}],"wp:attachment":[{"href":"https:\/\/hyprostatik.de\/en\/wp-json\/wp\/v2\/media?parent=4396034"}],"curies":[{"name":"wp","href":"https:\/\/api.w.org\/{rel}","templated":true}]}}