{"id":4396205,"date":"2025-06-23T21:51:16","date_gmt":"2025-06-23T19:51:16","guid":{"rendered":"https:\/\/hyprostatik2025.werbeagentur-beck.de\/faq\/"},"modified":"2026-03-06T13:58:39","modified_gmt":"2026-03-06T12:58:39","slug":"faq","status":"publish","type":"page","link":"https:\/\/hyprostatik.de\/en\/technology\/faq\/","title":{"rendered":"FAQ"},"content":{"rendered":"<p>[et_pb_section fb_built=&#8221;1&#8243; _builder_version=&#8221;4.27.6&#8243; _module_preset=&#8221;default&#8221; background_image=&#8221;https:\/\/hyprostatik.de\/wp-content\/uploads\/2025\/07\/AdobeStock_1402657963_FAQ_stahlblau_Preview-3.webp&#8221; height=&#8221;300px&#8221; height_tablet=&#8221;450px&#8221; height_phone=&#8221;200px&#8221; height_last_edited=&#8221;on|tablet&#8221; locked=&#8221;off&#8221; global_colors_info=&#8221;{}&#8221; height__hover_enabled=&#8221;off|desktop&#8221;][et_pb_row make_equal=&#8221;on&#8221; _builder_version=&#8221;4.27.6&#8243; _module_preset=&#8221;default&#8221; height=&#8221;200px&#8221; height_tablet=&#8221;450px&#8221; height_last_edited=&#8221;on|phone&#8221; hover_enabled=&#8221;0&#8243; custom_css_main_element=&#8221;display: flex;||align-items: center !important;&#8221; global_colors_info=&#8221;{}&#8221; sticky_enabled=&#8221;0&#8243; height_phone=&#8221;450px&#8221;][et_pb_column type=&#8221;4_4&#8243; _builder_version=&#8221;4.27.4&#8243; _module_preset=&#8221;default&#8221; global_colors_info=&#8221;{}&#8221;][et_pb_text _builder_version=&#8221;4.27.6&#8243; _module_preset=&#8221;default&#8221; text_font=&#8221;|700|||||||&#8221; text_text_color=&#8221;#FFFFFF&#8221; text_font_size=&#8221;80px&#8221; header_font=&#8221;|700|||||||&#8221; header_text_color=&#8221;#FFFFFF&#8221; header_font_size=&#8221;80px&#8221; header_line_height=&#8221;0.8em&#8221; text_orientation=&#8221;center&#8221; custom_margin=&#8221;auto||auto||false|false&#8221; custom_margin_tablet=&#8221;||auto||false|false&#8221; custom_margin_phone=&#8221;||5vh||false|false&#8221; custom_margin_last_edited=&#8221;on|tablet&#8221; hover_enabled=&#8221;0&#8243; text_font_size_tablet=&#8221;80px&#8221; text_font_size_phone=&#8221;80px&#8221; text_font_size_last_edited=&#8221;on|desktop&#8221; text_line_height_tablet=&#8221;&#8221; text_line_height_phone=&#8221;0.2em&#8221; text_line_height_last_edited=&#8221;on|phone&#8221; text_orientation_tablet=&#8221;center&#8221; text_orientation_phone=&#8221;center&#8221; text_orientation_last_edited=&#8221;on|desktop&#8221; custom_css_main_element=&#8221;display: inline;&#8221; global_colors_info=&#8221;{}&#8221; header_line_height__hover_enabled=&#8221;off|desktop&#8221; text_line_height__hover_enabled=&#8221;off|desktop&#8221; sticky_enabled=&#8221;0&#8243;]<\/p>\n<h1>FAQ<\/h1>\n<p>[\/et_pb_text][\/et_pb_column][\/et_pb_row][\/et_pb_section][et_pb_section fb_built=&#8221;1&#8243; _builder_version=&#8221;4.27.6&#8243; _module_preset=&#8221;default&#8221; background_enable_image=&#8221;off&#8221; custom_padding=&#8221;25px||0px||false|false&#8221; global_module=&#8221;4388482&#8243; saved_tabs=&#8221;all&#8221; locked=&#8221;off&#8221; global_colors_info=&#8221;{}&#8221;][et_pb_row _builder_version=&#8221;4.27.6&#8243; _module_preset=&#8221;default&#8221; custom_padding=&#8221;0px||||false|false&#8221; global_colors_info=&#8221;{}&#8221;][et_pb_column type=&#8221;4_4&#8243; _builder_version=&#8221;4.27.4&#8243; _module_preset=&#8221;default&#8221; global_colors_info=&#8221;{}&#8221;][lwp_divi_breadcrumbs _builder_version=&#8221;4.27.4&#8243; _module_preset=&#8221;default&#8221; global_colors_info=&#8221;{}&#8221;][\/lwp_divi_breadcrumbs][\/et_pb_column][\/et_pb_row][\/et_pb_section][et_pb_section fb_built=&#8221;1&#8243; disabled_on=&#8221;off|off|off&#8221; _builder_version=&#8221;4.27.4&#8243; background_enable_color=&#8221;off&#8221; background_enable_image=&#8221;off&#8221; parallax=&#8221;on&#8221; custom_padding=&#8221;0px|0px|0px|0px&#8221; top_divider_height=&#8221;48px&#8221; bottom_divider_color=&#8221;#ffffff&#8221; bottom_divider_height=&#8221;42px&#8221; locked=&#8221;off&#8221; global_colors_info=&#8221;{}&#8221;][et_pb_row _builder_version=&#8221;4.27.4&#8243; _module_preset=&#8221;default&#8221; custom_margin=&#8221;0px||||false|false&#8221; custom_padding=&#8221;0px||||false|false&#8221; global_colors_info=&#8221;{}&#8221;][et_pb_column type=&#8221;4_4&#8243; _builder_version=&#8221;4.25.2&#8243; _module_preset=&#8221;default&#8221; global_colors_info=&#8221;{}&#8221;][et_pb_text _builder_version=&#8221;4.27.4&#8243; text_text_color=&#8221;#000000&#8243; text_font_size=&#8221;18px&#8221; header_text_color=&#8221;#4682b4&#8243; header_2_font=&#8221;||||||||&#8221; header_2_text_color=&#8221;#4682b4&#8243; header_2_font_size=&#8221;20px&#8221; header_3_text_color=&#8221;#f59b00&#8243; custom_margin=&#8221;0px||||false|false&#8221; custom_padding=&#8221;20px||||false|false&#8221; custom_css_free_form=&#8221;selector li {color: #4682b4;}&#8221; global_colors_info=&#8221;{}&#8221;]<\/p>\n<h2 style=\"text-align: left;\"><strong>What are hydrostatic systems for machine tools?<\/strong><\/h2>\n<p>These are special hydraulic systems that use fluid pressure to lift and guide the moving parts of the machine. These systems are specially designed to enable friction-free and precise movements. This works by applying a thin film of specially selected oil between the static and dynamic parts.<\/p>\n<h2><strong>What are the advantages of hydrostatic systems for machine tools?<\/strong><\/h2>\n<ul>\n<li><span style=\"color: #000000;\">High precision: As an expert in the field of hydrostatic systems for machine tools, HYPROSTATIK offers sophisticated and customized systems that enable particularly precise movements and positioning.<\/span><\/li>\n<li><span style=\"color: #000000;\">Wear-free: Thanks to HYPROSTATIK&#8217;s innovative technologies, we guarantee: No direct contact between the moving and static parts. This saves money in the end.<\/span><\/li>\n<li><span style=\"color: #000000;\">High load capacity: HYPROSTATIK systems are designed for high loads and are ideal for heavy machine tools.<\/span><\/li>\n<li><span style=\"color: #000000;\">Better machining quality thanks to damping: The oil layer dampens vibrations and shocks.<\/span><\/li>\n<\/ul>\n<h2><strong>How do hydrostatic systems work in machine tools?<\/strong><\/h2>\n<p>Hydrostatic systems in machine tools work thanks to a constant fluid pressure that maintains a gap between moving parts. Did you know? The pressure is generated by a pump and controlled by a sophisticated network of PM regulators and lines. The liquid thus constantly forms a wafer-thin film, which enables the particularly stable guidance of the moving parts.<\/p>\n<h2><strong>Which components are included in hydrostatic systems for machine tools?<\/strong><\/h2>\n<p>Each of our hydrostatic systems contains the following components:<\/p>\n<ul>\n<li><span style=\"color: #000000;\">PM regulator: Regulates the flow and pressure of the liquid.<\/span><\/li>\n<li><span style=\"color: #000000;\">Pockets with bars: are responsible for distributing the oil between the stationary and dynamic parts<\/span><\/li>\n<li><span style=\"color: #000000;\">Hydrostatic bearings: various types that support and guide the moving parts.<\/span><\/li>\n<\/ul>\n<p>A hydraulic unit is required for each hydrostatic component. This contains the following parts, among others: <\/p>\n<ul>\n<li><span style=\"color: #000000;\">Hydraulic pump: Generates the required pressure.<\/span><\/li>\n<li><span style=\"color: #000000;\">Pressure accumulator: Stabilizes the pressure and stores excess energy.<\/span><\/li>\n<li><span style=\"color: #000000;\">Lines: Transport of the liquid to the relevant parts of the machine.<\/span><\/li>\n<li><span style=\"color: #000000;\">Filters: Keep the hydraulic fluid clean.<\/span><\/li>\n<li><span style=\"color: #000000;\">Flow-through cooler (optional): Ensure the liquid temperature is kept at an optimum level.<\/span><\/li>\n<\/ul>\n<p>There is much more to discover with hydrostatic components.<\/p>\n<h2><strong>Why are hydrostatic systems used in precision machine tools?<\/strong><\/h2>\n<p>Because they enable an extremely high fitting accuracy and repeatability of movements. For you as a customer, this means the finest machining steps with minimal tolerances &#8211; which is essential in precision manufacturing. In addition, the hydrostatic components can be used in 24\/7 shifts.<\/p>\n<h2><strong>What maintenance measures are required for hydrostatic systems in machine tools?<\/strong><\/h2>\n<ul>\n<li><span style=\"color: #000000;\">Regular replacement of the hydraulic fluid: Avoiding contamination and wear is the be-all and end-all.<\/span><\/li>\n<li><span style=\"color: #000000;\">Checking and cleaning the filters: For an even and clean liquid supply.<\/span><\/li>\n<li><span style=\"color: #000000;\">Inspection of seals and pipes: Prevent leaks and ensure system integrity!<\/span><\/li>\n<li><span style=\"color: #000000;\">Pressure accumulator check: Is everything working correctly and is the pressure being maintained?<\/span><strong><em><\/em><\/strong><\/li>\n<\/ul>\n<h2><strong>Which fluids are used in hydrostatic systems for machine tools?<\/strong><\/h2>\n<p>In hydrostatic systems for machine tools, special hydraulic oils are usually used that guarantee high pressure resistance, good lubricity and low viscosity changes in the event of temperature fluctuations. These oils are specially designed to meet the requirements for precision and reliability. Hyprostatik selects exactly the oil you need. Or do you already have an oil that you would like to use? We will be happy to calculate the options for using the desired oil.  <\/p>\n<h2><strong>How do hydrostatic systems influence the energy efficiency of machine tools?<\/strong><\/h2>\n<p>Hydrostatic systems can have a positive influence on the energy efficiency of machine tools. How? By reducing frictional resistance to a minimum, less energy is required to move the machine parts. This will save you money. In addition, precise control of the fluid pressure minimizes energy losses and improves overall efficiency.<\/p>\n<h2><strong>What challenges are there when implementing hydrostatic systems in machine tools?<\/strong><\/h2>\n<ul>\n<li><span style=\"color: #000000;\">We know: The integration of a hydrostatic system requires careful planning and design to achieve the desired performance. We provide a tailor-made offer and installation instructions!<\/span><\/li>\n<li><span style=\"color: #000000;\">Costs: The initial costs for implementing hydrostatic systems are higher than for conventional systems. But in the end you save money.<\/span><\/li>\n<li><span style=\"color: #000000;\">Maintenance effort: Although they are less susceptible to wear, hydrostatic systems require regular maintenance and monitoring. We are here for you, please contact us!<\/span><\/li>\n<li><span style=\"color: #000000;\">Sensitivity to impurities: This can impair performance. With our PM controller, you are better protected against this than with other hydrostatic systems. We support you in ensuring that your system runs smoothly. Just ask us!<\/span><\/li>\n<\/ul>\n<p>&nbsp;<\/p>\n<p>\n<script type=\"application\/ld+json\">\n{\n  \"@context\": \"https:\/\/schema.org\",\n  \"@type\": \"FAQPage\",\n  \"mainEntity\": [{\n    \"@type\": \"Question\",\n    \"name\": \"Was sind hydrostatische Systeme f\u00fcr Werkzeugmaschinen?\",\n    \"acceptedAnswer\": {\n      \"@type\": \"Answer\",\n      \"text\": \"Das sind spezielle Hydrauliksysteme, die Fl\u00fcssigkeitsdruck nutzen, um die beweglichen Teile der Maschine anzuheben und zu f\u00fchren. Diese Systeme sind speziell ausgelegt, um reibungsfreie und pr\u00e4zise Bewegungen zu erm\u00f6glichen. Dies funktioniert durch einen d\u00fcnnen Film aus einem speziell ausgew\u00e4hlten \u00d6l zwischen dem statischen und dynamischen Teilen.\"\n    }\n  },{\n    \"@type\": \"Question\",\n    \"name\": \"Welche Vorteile bieten hydrostatische Systeme f\u00fcr Werkzeugmaschinen?\",\n    \"acceptedAnswer\": {\n      \"@type\": \"Answer\",\n      \"text\": \"Hohe Pr\u00e4zision: HYPROSTATIK als Experte im Bereich hydrostatische Systeme f\u00fcr Werkzeugmaschinen bietet ausgereifte und kundenindividuelle Systeme, die besonders pr\u00e4zise Bewegungen und Positionierungen erm\u00f6glichen.\nVerschlei\u00dffreiheit: Dank der innovativen Technologien von HYPROSTATIK garantieren wir: Kein direkter Kontakt zwischen dem beweglichen und statischen Teil. Das spart am Ende bares Geld.\nHohe Tragf\u00e4higkeit: HYPROSTATIK-Systeme sind f\u00fcr hohe Lasten ausgelegt und ideal f\u00fcr schwere Werkzeugmaschinen.\nBessere Bearbeitungsqualit\u00e4t dank D\u00e4mpfung: Die \u00d6lschicht d\u00e4mpft Vibrationen und St\u00f6\u00dfe.\"\n    }\n  },{\n    \"@type\": \"Question\",\n    \"name\": \"Wie funktionieren hydrostatische Systeme in Werkzeugmaschinen?\",\n    \"acceptedAnswer\": {\n      \"@type\": \"Answer\",\n      \"text\": \"Hydrostatische Systeme in Werkzeugmaschinen funktionieren dank eines konstanten Fl\u00fcssigkeitsdrucks, der einen Spalt zwischen beweglichen Teilen aufrechth\u00e4lt. Gewusst? Der Druck wird durch eine Pumpe erzeugt und durch ein ausgereiftes Netzwerk von PM-Reglern und Leitungen gesteuert. Die Fl\u00fcssigkeit bildet so konstant einen hauchd\u00fcnnen Film, der die besonders stabile F\u00fchrung der beweglichen Teile erm\u00f6glich\"\n    }\n  },{\n    \"@type\": \"Question\",\n    \"name\": \"Welche Komponenten sind in hydrostatischen Systemen f\u00fcr Werkzeugmaschinen enthalten?\",\n    \"acceptedAnswer\": {\n      \"@type\": \"Answer\",\n      \"text\": \"In jedem unserer hydrostatischen Systeme sind folgende Komponenten enthalten:<\/p>\n<p>PM-Regler: Regulieren den Durchfluss und den Druck der Fl\u00fcssigkeit.\nTaschen mit Stegen: Sind f\u00fcr die Verteilung des \u00d6ls zwischen station\u00e4ren und dynamischen Teil verantwortlich\nHydrostatische Lager: verschiedenster Art, welche die beweglichen Teile unterst\u00fctzen und f\u00fchren.\nF\u00fcr das jede hydrostatische Komponente wird ein Hydroaggregat ben\u00f6tigt. Dieses enth\u00e4lt unter anderem folgende Teile:<\/p>\n<p>Hydraulikpumpe: Erzeugt den erforderlichen Druck.\nDruckspeicher: Stabilisiert den Druck und speichert \u00fcbersch\u00fcssige Energie.\nLeitungen: Transport der Fl\u00fcssigkeit zu den relevanten Teilen der Maschine.\nFilter: Halten die Hydraulikfl\u00fcssigkeit sauber.\nDurchflussk\u00fchler (optional): Gew\u00e4hrleisten die Fl\u00fcssigkeits-Temperatur auf einem optimalen Niveau.\nEs gibt noch vieles mehr bei den hydrostatischen Komponenten zu entdecken.\"\n    }\n  },{\n    \"@type\": \"Question\",\n    \"name\": \"Warum werden hydrostatische Systeme in Pr\u00e4zisionswerkzeugmaschinen eingesetzt?\",\n    \"acceptedAnswer\": {\n      \"@type\": \"Answer\",\n      \"text\": \"Weil sie eine extrem hohe Passgenauigkeit und Wiederholbarkeit der Bewegungen erm\u00f6glichen.  F\u00fcr Sie als Kunde bedeutet das:  Feinste Bearbeitungsschritte mit minimalen Toleranzen \u2013 was in der Pr\u00e4zisionsfertigung unerl\u00e4sslich ist. Zus\u00e4tzlich sind die hydrostatischen Komponenten in 24\/7 Schichten einsetzbar.\"\n    }\n  },{\n    \"@type\": \"Question\",\n    \"name\": \"Welche Wartungsma\u00dfnahmen sind f\u00fcr hydrostatische Systeme in Werkzeugmaschinen erforderlich?\",\n    \"acceptedAnswer\": {\n      \"@type\": \"Answer\",\n      \"text\": \"Regelm\u00e4\u00dfiger Austausch der Hydraulikfl\u00fcssigkeit: Verunreinigungen und Verschlei\u00df vermeiden ist das \u201eA & O\u201c.\n\u00dcberpr\u00fcfung und Reinigung der Filter: F\u00fcr die gleichm\u00e4\u00dfige und saubere Fl\u00fcssigkeitszufuhr.\nInspektion der Dichtungen und Leitungen: Verhindern Sie Lecks zu und sichern Sie die Systemintegrit\u00e4t!\nDruckspeicher-Kontrolle: Funktioniert alles korrekt und wird der Druck aufrechterhalten?\"\n    }\n  },{\n    \"@type\": \"Question\",\n    \"name\": \"Welche Fl\u00fcssigkeiten werden in hydrostatischen Systemen f\u00fcr Werkzeugmaschinen verwendet?\",\n    \"acceptedAnswer\": {\n      \"@type\": \"Answer\",\n      \"text\": \"In hydrostatischen Systemen f\u00fcr Werkzeugmaschinen werden meist spezielle Hydraulik\u00f6le benutzt, die eine hohe Druckbest\u00e4ndigkeit, gute Schmierf\u00e4higkeit und geringe Viskosit\u00e4ts\u00e4nderungen bei Temperaturschwankungen garantieren. Diese \u00d6le sind speziell darauf ausgelegt, die Anforderungen an Pr\u00e4zision und Zuverl\u00e4ssigkeit zu erf\u00fcllen. Hyprostatik w\u00e4hlt genau das \u00d6l aus, welches Sie ben\u00f6tigen. Oder haben Sie bereits ein \u00d6l welches Sie verwenden m\u00f6chten? Gerne berechnen wir die M\u00f6glichkeiten das gew\u00fcnschte \u00d6l zu verwenden.\"\n    }\n  },{\n    \"@type\": \"Question\",\n    \"name\": \"Wie beeinflussen hydrostatische Systeme die Energieeffizienz von Werkzeugmaschinen?\",\n    \"acceptedAnswer\": {\n      \"@type\": \"Answer\",\n      \"text\": \"Hydrostatische Systeme k\u00f6nnen die Energieeffizienz von Werkzeugmaschinen positiv beeinflussen. Wie? Indem sie den Reibungswiderstand auf ein Minimum reduzieren und so weniger Energie f\u00fcr die Bewegung der Maschinenteile gebraucht wird. So sparen Sie bares Geld. Zudem minimiert die genaue Steuerung des Fl\u00fcssigkeitsdrucks Energieverluste und verbessert den Gesamtwirkungsgrad.\"\n    }\n  },{\n    \"@type\": \"Question\",\n    \"name\": \"Welche Herausforderungen gibt es bei der Implementierung hydrostatischer Systeme in Werkzeugmaschinen?\",\n    \"acceptedAnswer\": {\n      \"@type\": \"Answer\",\n      \"text\": \"Wir wissen: Die Integration eines hydrostatischen Systems erfordert sorgf\u00e4ltige Planung und Design, um die gew\u00fcnschte Leistung zu erreichen. Wie liefern ein passgenaues Angebot und Einbauanleitung!\nKosten: Die initialen Kosten f\u00fcr die Implementierung hydrostatischer Systeme sind h\u00f6her als bei herk\u00f6mmlichen Systemen. Aber am Ende sparen Sie bares Geld.\nWartungsaufwand: Obwohl sie weniger verschlei\u00dfanf\u00e4llig sind, erfordern hydrostatische Systeme regelm\u00e4\u00dfige Wartung und \u00dcberwachung. Wir sind f\u00fcr Sie da, sprechen Sie uns an!\nEmpfindlichkeit bei Verunreinigungen: Dies kann die die Leistung beeintr\u00e4chtigen. Mit unserem PM-Regler sind Sie hiergegen besser gesch\u00fctzt als bei anderen hydrostatischen Systemen. Wir unterst\u00fctzen Sie, dass ihr System reibungsfrei funktioniert. Fragen Sie uns!\"\n    }\n  }]\n}\n<\/script>\n<\/p>\n<p>[\/et_pb_text][\/et_pb_column][\/et_pb_row][\/et_pb_section]<\/p>\n","protected":false},"excerpt":{"rendered":"<p>FAQ<div class=\"et_pb_module lwp_divi_breadcrumbs lwp_divi_breadcrumbs_0\">\n\t\t\t\t\n\t\t\t\t\n\t\t\t\t\n\t\t\t\t\n\t\t\t\t\n\t\t\t\t\n\t\t\t\t<div class=\"et_pb_module_inner\">\n\t\t\t\t\t<div class=\"lwp-breadcrumbs\"> <span class=\"before\"><\/span> <span vocab=\"https:\/\/schema.org\/\" typeof=\"BreadcrumbList\"><span property=\"itemListElement\" typeof=\"ListItem\"><a property=\"item\" typeof=\"WebPage\" href=\"https:\/\/hyprostatik.de\/en\/\" class=\"home\"><span property=\"name\">Home<\/span><\/a><meta property=\"position\" content=\"1\"><\/span> <span class=\"separator et-pb-icon\">&#x39;<\/span> <\/span><\/div>\n\t\t\t\t<\/div>\n\t\t\t<\/div>What are hydrostatic systems for machine tools? These are special hydraulic systems that use fluid pressure to lift and guide the moving parts of the machine. These systems are specially designed to enable friction-free and precise movements. This works by applying a thin film of specially selected oil between the static and [&hellip;]<\/p>\n","protected":false},"author":2,"featured_media":0,"parent":4396265,"menu_order":0,"comment_status":"closed","ping_status":"closed","template":"","meta":{"_et_pb_use_builder":"on","_et_pb_old_content":"","_et_gb_content_width":"","footnotes":""},"class_list":["post-4396205","page","type-page","status-publish","hentry"],"yoast_head":"<!-- This site is optimized with the Yoast SEO plugin v27.3 - https:\/\/yoast.com\/product\/yoast-seo-wordpress\/ -->\n<title>FAQ | Hyprostatik<\/title>\n<meta name=\"description\" content=\"FAQs on hydrostatic technology: Answers to frequently asked questions about the function, advantages, and applications of hydrostatic systems.\" \/>\n<meta name=\"robots\" content=\"index, follow, max-snippet:-1, max-image-preview:large, max-video-preview:-1\" \/>\n<link rel=\"canonical\" href=\"https:\/\/hyprostatik.de\/en\/technology\/faq\/\" \/>\n<meta property=\"og:locale\" content=\"en_US\" \/>\n<meta property=\"og:type\" content=\"article\" \/>\n<meta property=\"og:title\" content=\"FAQ | Hyprostatik\" \/>\n<meta property=\"og:description\" content=\"FAQs on hydrostatic technology: Answers to frequently asked questions about the function, advantages, and applications of hydrostatic systems.\" \/>\n<meta property=\"og:url\" content=\"https:\/\/hyprostatik.de\/en\/technology\/faq\/\" \/>\n<meta property=\"og:site_name\" content=\"Hyprostatik\" \/>\n<meta property=\"article:modified_time\" content=\"2026-03-06T12:58:39+00:00\" \/>\n<script type=\"application\/ld+json\" class=\"yoast-schema-graph\">{\"@context\":\"https:\\\/\\\/schema.org\",\"@graph\":[{\"@type\":\"WebPage\",\"@id\":\"https:\\\/\\\/hyprostatik.de\\\/en\\\/technology\\\/faq\\\/\",\"url\":\"https:\\\/\\\/hyprostatik.de\\\/en\\\/technology\\\/faq\\\/\",\"name\":\"FAQ | Hyprostatik\",\"isPartOf\":{\"@id\":\"https:\\\/\\\/hyprostatik.de\\\/en\\\/#website\"},\"datePublished\":\"2025-06-23T19:51:16+00:00\",\"dateModified\":\"2026-03-06T12:58:39+00:00\",\"description\":\"FAQs on hydrostatic technology: Answers to frequently asked questions about the function, advantages, and applications of hydrostatic systems.\",\"breadcrumb\":{\"@id\":\"https:\\\/\\\/hyprostatik.de\\\/en\\\/technology\\\/faq\\\/#breadcrumb\"},\"inLanguage\":\"en-US\",\"potentialAction\":[{\"@type\":\"ReadAction\",\"target\":[\"https:\\\/\\\/hyprostatik.de\\\/en\\\/technology\\\/faq\\\/\"]}]},{\"@type\":\"BreadcrumbList\",\"@id\":\"https:\\\/\\\/hyprostatik.de\\\/en\\\/technology\\\/faq\\\/#breadcrumb\",\"itemListElement\":[{\"@type\":\"ListItem\",\"position\":1,\"name\":\"Startseite\",\"item\":\"https:\\\/\\\/hyprostatik.de\\\/en\\\/\"},{\"@type\":\"ListItem\",\"position\":2,\"name\":\"TECHNOLOGY\",\"item\":\"https:\\\/\\\/hyprostatik.de\\\/en\\\/technology\\\/\"},{\"@type\":\"ListItem\",\"position\":3,\"name\":\"FAQ\"}]},{\"@type\":\"WebSite\",\"@id\":\"https:\\\/\\\/hyprostatik.de\\\/en\\\/#website\",\"url\":\"https:\\\/\\\/hyprostatik.de\\\/en\\\/\",\"name\":\"Hyprostatik\",\"description\":\"\",\"alternateName\":\"Hyprostatik Sch\u00f6nfeld GmbH\",\"potentialAction\":[{\"@type\":\"SearchAction\",\"target\":{\"@type\":\"EntryPoint\",\"urlTemplate\":\"https:\\\/\\\/hyprostatik.de\\\/en\\\/?s={search_term_string}\"},\"query-input\":{\"@type\":\"PropertyValueSpecification\",\"valueRequired\":true,\"valueName\":\"search_term_string\"}}],\"inLanguage\":\"en-US\"}]}<\/script>\n<!-- \/ Yoast SEO plugin. -->","yoast_head_json":{"title":"FAQ | Hyprostatik","description":"FAQs on hydrostatic technology: Answers to frequently asked questions about the function, advantages, and applications of hydrostatic systems.","robots":{"index":"index","follow":"follow","max-snippet":"max-snippet:-1","max-image-preview":"max-image-preview:large","max-video-preview":"max-video-preview:-1"},"canonical":"https:\/\/hyprostatik.de\/en\/technology\/faq\/","og_locale":"en_US","og_type":"article","og_title":"FAQ | Hyprostatik","og_description":"FAQs on hydrostatic technology: Answers to frequently asked questions about the function, advantages, and applications of hydrostatic systems.","og_url":"https:\/\/hyprostatik.de\/en\/technology\/faq\/","og_site_name":"Hyprostatik","article_modified_time":"2026-03-06T12:58:39+00:00","schema":{"@context":"https:\/\/schema.org","@graph":[{"@type":"WebPage","@id":"https:\/\/hyprostatik.de\/en\/technology\/faq\/","url":"https:\/\/hyprostatik.de\/en\/technology\/faq\/","name":"FAQ | Hyprostatik","isPartOf":{"@id":"https:\/\/hyprostatik.de\/en\/#website"},"datePublished":"2025-06-23T19:51:16+00:00","dateModified":"2026-03-06T12:58:39+00:00","description":"FAQs on hydrostatic technology: Answers to frequently asked questions about the function, advantages, and applications of hydrostatic systems.","breadcrumb":{"@id":"https:\/\/hyprostatik.de\/en\/technology\/faq\/#breadcrumb"},"inLanguage":"en-US","potentialAction":[{"@type":"ReadAction","target":["https:\/\/hyprostatik.de\/en\/technology\/faq\/"]}]},{"@type":"BreadcrumbList","@id":"https:\/\/hyprostatik.de\/en\/technology\/faq\/#breadcrumb","itemListElement":[{"@type":"ListItem","position":1,"name":"Startseite","item":"https:\/\/hyprostatik.de\/en\/"},{"@type":"ListItem","position":2,"name":"TECHNOLOGY","item":"https:\/\/hyprostatik.de\/en\/technology\/"},{"@type":"ListItem","position":3,"name":"FAQ"}]},{"@type":"WebSite","@id":"https:\/\/hyprostatik.de\/en\/#website","url":"https:\/\/hyprostatik.de\/en\/","name":"Hyprostatik","description":"","alternateName":"Hyprostatik Sch\u00f6nfeld GmbH","potentialAction":[{"@type":"SearchAction","target":{"@type":"EntryPoint","urlTemplate":"https:\/\/hyprostatik.de\/en\/?s={search_term_string}"},"query-input":{"@type":"PropertyValueSpecification","valueRequired":true,"valueName":"search_term_string"}}],"inLanguage":"en-US"}]}},"_links":{"self":[{"href":"https:\/\/hyprostatik.de\/en\/wp-json\/wp\/v2\/pages\/4396205","targetHints":{"allow":["GET"]}}],"collection":[{"href":"https:\/\/hyprostatik.de\/en\/wp-json\/wp\/v2\/pages"}],"about":[{"href":"https:\/\/hyprostatik.de\/en\/wp-json\/wp\/v2\/types\/page"}],"author":[{"embeddable":true,"href":"https:\/\/hyprostatik.de\/en\/wp-json\/wp\/v2\/users\/2"}],"replies":[{"embeddable":true,"href":"https:\/\/hyprostatik.de\/en\/wp-json\/wp\/v2\/comments?post=4396205"}],"version-history":[{"count":9,"href":"https:\/\/hyprostatik.de\/en\/wp-json\/wp\/v2\/pages\/4396205\/revisions"}],"predecessor-version":[{"id":4397971,"href":"https:\/\/hyprostatik.de\/en\/wp-json\/wp\/v2\/pages\/4396205\/revisions\/4397971"}],"up":[{"embeddable":true,"href":"https:\/\/hyprostatik.de\/en\/wp-json\/wp\/v2\/pages\/4396265"}],"wp:attachment":[{"href":"https:\/\/hyprostatik.de\/en\/wp-json\/wp\/v2\/media?parent=4396205"}],"curies":[{"name":"wp","href":"https:\/\/api.w.org\/{rel}","templated":true}]}}